{"id":191,"date":"2020-09-21T20:14:26","date_gmt":"2020-09-22T00:14:26","guid":{"rendered":"https:\/\/zenitx.com\/sc\/?page_id=191"},"modified":"2024-08-05T16:44:01","modified_gmt":"2024-08-05T20:44:01","slug":"inicio","status":"publish","type":"page","link":"https:\/\/zenitx.com\/sc\/","title":{"rendered":"Inicio"},"content":{"rendered":"\t\t<div data-elementor-type=\"wp-page\" data-elementor-id=\"191\" class=\"elementor elementor-191\" data-elementor-post-type=\"page\">\n\t\t\t\t\t\t<section data-dce-background-image-url=\"https:\/\/zenitx.com\/sc\/wp-content\/uploads\/2024\/01\/banner-home-sc-4.png\" class=\"elementor-section elementor-top-section elementor-element elementor-element-8d0b524 elementor-section-boxed elementor-section-height-default elementor-section-height-default\" data-id=\"8d0b524\" data-element_type=\"section\" data-settings=\"{&quot;background_background&quot;:&quot;classic&quot;}\">\n\t\t\t\t\t\t<div class=\"elementor-container elementor-column-gap-default\">\n\t\t\t\t\t<div data-dce-background-color=\"#FFFFFFE8\" class=\"elementor-column elementor-col-100 elementor-top-column elementor-element elementor-element-72819f9\" data-id=\"72819f9\" data-element_type=\"column\" data-settings=\"{&quot;background_background&quot;:&quot;classic&quot;}\">\n\t\t\t<div class=\"elementor-widget-wrap elementor-element-populated\">\n\t\t\t\t\t\t<div class=\"elementor-element elementor-element-b7c0ca9 elementor-widget elementor-widget-heading\" data-id=\"b7c0ca9\" data-element_type=\"widget\" data-widget_type=\"heading.default\">\n\t\t\t\t<div class=\"elementor-widget-container\">\n\t\t\t\t\t<h2 class=\"elementor-heading-title elementor-size-default\">Portal de Servicio al Cliente<\/h2>\t\t\t\t<\/div>\n\t\t\t\t<\/div>\n\t\t\t\t<div class=\"elementor-element elementor-element-ef43ff6 elementor-widget elementor-widget-shortcode\" data-id=\"ef43ff6\" data-element_type=\"widget\" data-widget_type=\"shortcode.default\">\n\t\t\t\t<div class=\"elementor-widget-container\">\n\t\t\t\t\t\t\t<div class=\"elementor-shortcode\"><div class=\"betterdocs-live-search\">\n\t\n\t<form class=\"betterdocs-searchform betterdocs-advance-searchform\">\n\t\t<div class=\"betterdocs-searchform-input-wrap\">\n\t\t\t<svg class=\"docs-search-icon\" xmlns=\"http:\/\/www.w3.org\/2000\/svg\" xmlns:xlink=\"http:\/\/www.w3.org\/1999\/xlink\" width=\"38px\" viewBox=\"0 0 50 50\" version=\"1.1\">\n\t\t\t\t<g id=\"surface1\">\n\t\t\t\t\t<path d=\"M 21 3 C 11.601563 3 4 10.601563 4 20 C 4 29.398438 11.601563 37 21 37 C 24.355469 37 27.460938 36.015625 30.09375 34.34375 L 42.375 46.625 L 46.625 42.375 L 34.5 30.28125 C 36.679688 27.421875 38 23.878906 38 20 C 38 10.601563 30.398438 3 21 3 Z M 21 7 C 28.199219 7 34 12.800781 34 20 C 34 27.199219 28.199219 33 21 33 C 13.800781 33 8 27.199219 8 20 C 8 12.800781 13.800781 7 21 7 Z \"><\/path>\n\t\t\t\t<\/g>\n\t\t\t<\/svg>\n\t\t\t<input type=\"text\" class=\"betterdocs-search-field\" name=\"s\" aria-label=\"Search Input\" placeholder=\"Buscar en Manual del Sistema\" autocomplete=\"off\" value=\"\">\n\t\t\t<svg class=\"docs-search-loader\" width=\"38\" height=\"38\" viewBox=\"0 0 38 38\" xmlns=\"http:\/\/www.w3.org\/2000\/svg\" stroke=\"#444b54\">\n\t\t\t\t<g fill=\"none\" fill-rule=\"evenodd\">\n\t\t\t\t\t<g transform=\"translate(1 1)\" stroke-width=\"2\">\n\t\t\t\t\t\t<circle stroke-opacity=\".5\" cx=\"18\" cy=\"18\" r=\"18\" \/>\n\t\t\t\t\t\t<path d=\"M36 18c0-9.94-8.06-18-18-18\">\n\t\t\t\t\t\t\t<animateTransform attributeName=\"transform\" type=\"rotate\" from=\"0 18 18\" to=\"360 18 18\" dur=\"1s\" repeatCount=\"indefinite\" \/>\n\t\t\t\t\t\t<\/path>\n\t\t\t\t\t<\/g>\n\t\t\t\t<\/g>\n\t\t\t<\/svg>\n\t\t\t<svg class=\"docs-search-close\" xmlns=\"http:\/\/www.w3.org\/2000\/svg\" width=\"38px\" viewBox=\"0 0 128 128\">\n\t\t\t\t<path fill=\"#fff\" d=\"M64 14A50 50 0 1 0 64 114A50 50 0 1 0 64 14Z\" transform=\"rotate(-45.001 64 64.001)\"><\/path>\n\t\t\t\t<path class=\"close-border\" d=\"M64,117c-14.2,0-27.5-5.5-37.5-15.5c-20.7-20.7-20.7-54.3,0-75C36.5,16.5,49.8,11,64,11c14.2,0,27.5,5.5,37.5,15.5c10,10,15.5,23.3,15.5,37.5s-5.5,27.5-15.5,37.5C91.5,111.5,78.2,117,64,117z M64,17c-12.6,0-24.4,4.9-33.2,13.8c-18.3,18.3-18.3,48.1,0,66.5C39.6,106.1,51.4,111,64,111c12.6,0,24.4-4.9,33.2-13.8S111,76.6,111,64s-4.9-24.4-13.8-33.2S76.6,17,64,17z\"><\/path>\n\t\t\t\t<path class=\"close-line\" d=\"M53.4,77.6c-0.8,0-1.5-0.3-2.1-0.9c-1.2-1.2-1.2-3.1,0-4.2l21.2-21.2c1.2-1.2,3.1-1.2,4.2,0c1.2,1.2,1.2,3.1,0,4.2L55.5,76.7C54.9,77.3,54.2,77.6,53.4,77.6z\"><\/path>\n\t\t\t\t<path class=\"close-line\" d=\"M74.6,77.6c-0.8,0-1.5-0.3-2.1-0.9L51.3,55.5c-1.2-1.2-1.2-3.1,0-4.2c1.2-1.2,3.1-1.2,4.2,0l21.2,21.2c1.2,1.2,1.2,3.1,0,4.2C76.1,77.3,75.4,77.6,74.6,77.6z\"><\/path>\n\t\t\t<\/svg>\n\t\t<\/div>\n\n\t\t\t\t<input type=\"hidden\" value=\"Search\" aria-label=\"Search Submit\" class=\"betterdocs-search-submit\" \/>\n\t<\/form>\n\n\t<\/div>\n<\/div>\n\t\t\t\t\t\t<\/div>\n\t\t\t\t<\/div>\n\t\t\t\t<div class=\"elementor-element elementor-element-ea5f294 elementor-align-left elementor-widget elementor-widget-button\" data-id=\"ea5f294\" data-element_type=\"widget\" data-widget_type=\"button.default\">\n\t\t\t\t<div class=\"elementor-widget-container\">\n\t\t\t\t\t\t\t\t\t<div class=\"elementor-button-wrapper\">\n\t\t\t\t\t<a class=\"elementor-button elementor-button-link elementor-size-sm\" href=\"\/sc\/know\">\n\t\t\t\t\t\t<span class=\"elementor-button-content-wrapper\">\n\t\t\t\t\t\t\t\t\t<span class=\"elementor-button-text\">Ver todo<\/span>\n\t\t\t\t\t<\/span>\n\t\t\t\t\t<\/a>\n\t\t\t\t<\/div>\n\t\t\t\t\t\t\t\t<\/div>\n\t\t\t\t<\/div>\n\t\t\t\t\t<\/div>\n\t\t<\/div>\n\t\t\t\t\t<\/div>\n\t\t<\/section>\n\t\t\t\t<section data-dce-background-color=\"#FFFFFF\" class=\"elementor-section elementor-top-section elementor-element elementor-element-81ee57e elementor-section-boxed elementor-section-height-default elementor-section-height-default\" data-id=\"81ee57e\" data-element_type=\"section\" data-settings=\"{&quot;background_background&quot;:&quot;classic&quot;}\">\n\t\t\t\t\t\t<div class=\"elementor-container elementor-column-gap-default\">\n\t\t\t\t\t<div class=\"elementor-column elementor-col-50 elementor-top-column elementor-element elementor-element-3cb9945\" data-id=\"3cb9945\" data-element_type=\"column\">\n\t\t\t<div class=\"elementor-widget-wrap elementor-element-populated\">\n\t\t\t\t\t\t<div class=\"elementor-element elementor-element-8081b10 elementor-widget elementor-widget-heading\" data-id=\"8081b10\" data-element_type=\"widget\" data-widget_type=\"heading.default\">\n\t\t\t\t<div class=\"elementor-widget-container\">\n\t\t\t\t\t<h2 class=\"elementor-heading-title elementor-size-default\">\u00bfNo encuentras lo que buscas?<\/h2>\t\t\t\t<\/div>\n\t\t\t\t<\/div>\n\t\t\t\t<div class=\"elementor-element elementor-element-51abd6c elementor-widget elementor-widget-text-editor\" data-id=\"51abd6c\" data-element_type=\"widget\" data-widget_type=\"text-editor.default\">\n\t\t\t\t<div class=\"elementor-widget-container\">\n\t\t\t\t\t\t\t\t\t<p>Solicita atenci\u00f3n mediante un ticket de soporte<\/p>\t\t\t\t\t\t\t\t<\/div>\n\t\t\t\t<\/div>\n\t\t\t\t<div class=\"elementor-element elementor-element-e94ed56 elementor-widget elementor-widget-button\" data-id=\"e94ed56\" data-element_type=\"widget\" data-widget_type=\"button.default\">\n\t\t\t\t<div class=\"elementor-widget-container\">\n\t\t\t\t\t\t\t\t\t<div class=\"elementor-button-wrapper\">\n\t\t\t\t\t<a class=\"elementor-button elementor-button-link elementor-size-sm\" href=\"https:\/\/zenitx.com\/sc\/ticket\/\">\n\t\t\t\t\t\t<span class=\"elementor-button-content-wrapper\">\n\t\t\t\t\t\t\t\t\t<span class=\"elementor-button-text\">Ticket de soporte<\/span>\n\t\t\t\t\t<\/span>\n\t\t\t\t\t<\/a>\n\t\t\t\t<\/div>\n\t\t\t\t\t\t\t\t<\/div>\n\t\t\t\t<\/div>\n\t\t\t\t\t<\/div>\n\t\t<\/div>\n\t\t\t\t<div class=\"elementor-column elementor-col-50 elementor-top-column elementor-element elementor-element-3d64230\" data-id=\"3d64230\" data-element_type=\"column\">\n\t\t\t<div class=\"elementor-widget-wrap elementor-element-populated\">\n\t\t\t\t\t\t<div class=\"elementor-element elementor-element-2940374 elementor-widget elementor-widget-heading\" data-id=\"2940374\" data-element_type=\"widget\" data-widget_type=\"heading.default\">\n\t\t\t\t<div class=\"elementor-widget-container\">\n\t\t\t\t\t<h2 class=\"elementor-heading-title elementor-size-default\">Habla con nosotros<\/h2>\t\t\t\t<\/div>\n\t\t\t\t<\/div>\n\t\t\t\t<div class=\"elementor-element elementor-element-0aa6b72 elementor-widget elementor-widget-text-editor\" data-id=\"0aa6b72\" data-element_type=\"widget\" data-widget_type=\"text-editor.default\">\n\t\t\t\t<div class=\"elementor-widget-container\">\n\t\t\t\t\t\t\t\t\t<p>Agenda tu reuni\u00f3n virtual con un especialista en soluciones<\/p>\t\t\t\t\t\t\t\t<\/div>\n\t\t\t\t<\/div>\n\t\t\t\t<div class=\"elementor-element elementor-element-29b2da1 elementor-widget elementor-widget-button\" data-id=\"29b2da1\" data-element_type=\"widget\" data-widget_type=\"button.default\">\n\t\t\t\t<div class=\"elementor-widget-container\">\n\t\t\t\t\t\t\t\t\t<div class=\"elementor-button-wrapper\">\n\t\t\t\t\t<a class=\"elementor-button elementor-button-link elementor-size-sm\" href=\"https:\/\/zenitx.com\/sc\/meet\">\n\t\t\t\t\t\t<span class=\"elementor-button-content-wrapper\">\n\t\t\t\t\t\t\t\t\t<span class=\"elementor-button-text\">Agendar una reuni\u00f3n<\/span>\n\t\t\t\t\t<\/span>\n\t\t\t\t\t<\/a>\n\t\t\t\t<\/div>\n\t\t\t\t\t\t\t\t<\/div>\n\t\t\t\t<\/div>\n\t\t\t\t\t<\/div>\n\t\t<\/div>\n\t\t\t\t\t<\/div>\n\t\t<\/section>\n\t\t\t\t<\/div>\n\t\t","protected":false},"excerpt":{"rendered":"<p>Portal de Servicio al Cliente Ver todo \u00bfNo encuentras lo que buscas? Solicita atenci\u00f3n mediante un ticket de soporte Ticket de soporte Habla con nosotros Agenda tu reuni\u00f3n virtual con un especialista en soluciones Agendar una reuni\u00f3n<\/p>\n","protected":false},"author":1,"featured_media":0,"parent":0,"menu_order":0,"comment_status":"closed","ping_status":"closed","template":"elementor_header_footer","meta":{"footnotes":""},"class_list":["post-191","page","type-page","status-publish","hentry"],"yoast_head":"<!-- This site is optimized with the Yoast SEO plugin v24.6 - https:\/\/yoast.com\/wordpress\/plugins\/seo\/ -->\n<title>Inicio - Zenitx Inform\u00e1tica<\/title>\n<meta name=\"description\" content=\"Portal de Servicio al Cliente, Manual de Sigue\u00ae ERP y tickets de soporte. Aprende a crear usuarios, funcionarios, clientes, proveedores, emitir boletas y facturas y m\u00e1s\" \/>\n<meta name=\"robots\" content=\"index, follow, max-snippet:-1, max-image-preview:large, max-video-preview:-1\" \/>\n<link rel=\"canonical\" href=\"https:\/\/zenitx.com\/sc\/\" \/>\n<meta property=\"og:locale\" content=\"es_ES\" \/>\n<meta property=\"og:type\" content=\"article\" \/>\n<meta property=\"og:title\" content=\"Inicio - Zenitx Inform\u00e1tica\" \/>\n<meta property=\"og:description\" content=\"Portal de Servicio al Cliente, Manual de Sigue\u00ae ERP y tickets de soporte. Aprende a crear usuarios, funcionarios, clientes, proveedores, emitir boletas y facturas y m\u00e1s\" \/>\n<meta property=\"og:url\" content=\"https:\/\/zenitx.com\/sc\/\" \/>\n<meta property=\"og:site_name\" content=\"Zenitx Inform\u00e1tica\" \/>\n<meta property=\"article:modified_time\" content=\"2024-08-05T20:44:01+00:00\" \/>\n<script type=\"application\/ld+json\" class=\"yoast-schema-graph\">{\"@context\":\"https:\/\/schema.org\",\"@graph\":[{\"@type\":\"WebPage\",\"@id\":\"https:\/\/zenitx.com\/sc\/\",\"url\":\"https:\/\/zenitx.com\/sc\/\",\"name\":\"Inicio - Zenitx Inform\u00e1tica\",\"isPartOf\":{\"@id\":\"https:\/\/zenitx.com\/sc\/#website\"},\"datePublished\":\"2020-09-22T00:14:26+00:00\",\"dateModified\":\"2024-08-05T20:44:01+00:00\",\"description\":\"Portal de Servicio al Cliente, Manual de Sigue\u00ae ERP y tickets de soporte. Aprende a crear usuarios, funcionarios, clientes, proveedores, emitir boletas y facturas y m\u00e1s\",\"breadcrumb\":{\"@id\":\"https:\/\/zenitx.com\/sc\/#breadcrumb\"},\"inLanguage\":\"es\",\"potentialAction\":[{\"@type\":\"ReadAction\",\"target\":[\"https:\/\/zenitx.com\/sc\/\"]}]},{\"@type\":\"BreadcrumbList\",\"@id\":\"https:\/\/zenitx.com\/sc\/#breadcrumb\",\"itemListElement\":[{\"@type\":\"ListItem\",\"position\":1,\"name\":\"Portada\",\"item\":\"https:\/\/zenitx.com\/sc\/\"},{\"@type\":\"ListItem\",\"position\":2,\"name\":\"Inicio\"}]},{\"@type\":\"WebSite\",\"@id\":\"https:\/\/zenitx.com\/sc\/#website\",\"url\":\"https:\/\/zenitx.com\/sc\/\",\"name\":\"Zenitx Inform\u00e1tica\",\"description\":\"Servicio al Cliente\",\"publisher\":{\"@id\":\"https:\/\/zenitx.com\/sc\/#organization\"},\"potentialAction\":[{\"@type\":\"SearchAction\",\"target\":{\"@type\":\"EntryPoint\",\"urlTemplate\":\"https:\/\/zenitx.com\/sc\/?s={search_term_string}\"},\"query-input\":{\"@type\":\"PropertyValueSpecification\",\"valueRequired\":true,\"valueName\":\"search_term_string\"}}],\"inLanguage\":\"es\"},{\"@type\":\"Organization\",\"@id\":\"https:\/\/zenitx.com\/sc\/#organization\",\"name\":\"Zenitx Inform\u00e1tica\",\"url\":\"https:\/\/zenitx.com\/sc\/\",\"logo\":{\"@type\":\"ImageObject\",\"inLanguage\":\"es\",\"@id\":\"https:\/\/zenitx.com\/sc\/#\/schema\/logo\/image\/\",\"url\":\"https:\/\/zenitx.com\/sc\/wp-content\/uploads\/2020\/09\/Logo-Zenitx-SC.svg\",\"contentUrl\":\"https:\/\/zenitx.com\/sc\/wp-content\/uploads\/2020\/09\/Logo-Zenitx-SC.svg\",\"width\":330,\"height\":139,\"caption\":\"Zenitx Inform\u00e1tica\"},\"image\":{\"@id\":\"https:\/\/zenitx.com\/sc\/#\/schema\/logo\/image\/\"}}]}<\/script>\n<!-- \/ Yoast SEO plugin. -->","yoast_head_json":{"title":"Inicio - Zenitx Inform\u00e1tica","description":"Portal de Servicio al Cliente, Manual de Sigue\u00ae ERP y tickets de soporte. Aprende a crear usuarios, funcionarios, clientes, proveedores, emitir boletas y facturas y m\u00e1s","robots":{"index":"index","follow":"follow","max-snippet":"max-snippet:-1","max-image-preview":"max-image-preview:large","max-video-preview":"max-video-preview:-1"},"canonical":"https:\/\/zenitx.com\/sc\/","og_locale":"es_ES","og_type":"article","og_title":"Inicio - Zenitx Inform\u00e1tica","og_description":"Portal de Servicio al Cliente, Manual de Sigue\u00ae ERP y tickets de soporte. Aprende a crear usuarios, funcionarios, clientes, proveedores, emitir boletas y facturas y m\u00e1s","og_url":"https:\/\/zenitx.com\/sc\/","og_site_name":"Zenitx Inform\u00e1tica","article_modified_time":"2024-08-05T20:44:01+00:00","schema":{"@context":"https:\/\/schema.org","@graph":[{"@type":"WebPage","@id":"https:\/\/zenitx.com\/sc\/","url":"https:\/\/zenitx.com\/sc\/","name":"Inicio - Zenitx Inform\u00e1tica","isPartOf":{"@id":"https:\/\/zenitx.com\/sc\/#website"},"datePublished":"2020-09-22T00:14:26+00:00","dateModified":"2024-08-05T20:44:01+00:00","description":"Portal de Servicio al Cliente, Manual de Sigue\u00ae ERP y tickets de soporte. Aprende a crear usuarios, funcionarios, clientes, proveedores, emitir boletas y facturas y m\u00e1s","breadcrumb":{"@id":"https:\/\/zenitx.com\/sc\/#breadcrumb"},"inLanguage":"es","potentialAction":[{"@type":"ReadAction","target":["https:\/\/zenitx.com\/sc\/"]}]},{"@type":"BreadcrumbList","@id":"https:\/\/zenitx.com\/sc\/#breadcrumb","itemListElement":[{"@type":"ListItem","position":1,"name":"Portada","item":"https:\/\/zenitx.com\/sc\/"},{"@type":"ListItem","position":2,"name":"Inicio"}]},{"@type":"WebSite","@id":"https:\/\/zenitx.com\/sc\/#website","url":"https:\/\/zenitx.com\/sc\/","name":"Zenitx Inform\u00e1tica","description":"Servicio al Cliente","publisher":{"@id":"https:\/\/zenitx.com\/sc\/#organization"},"potentialAction":[{"@type":"SearchAction","target":{"@type":"EntryPoint","urlTemplate":"https:\/\/zenitx.com\/sc\/?s={search_term_string}"},"query-input":{"@type":"PropertyValueSpecification","valueRequired":true,"valueName":"search_term_string"}}],"inLanguage":"es"},{"@type":"Organization","@id":"https:\/\/zenitx.com\/sc\/#organization","name":"Zenitx Inform\u00e1tica","url":"https:\/\/zenitx.com\/sc\/","logo":{"@type":"ImageObject","inLanguage":"es","@id":"https:\/\/zenitx.com\/sc\/#\/schema\/logo\/image\/","url":"https:\/\/zenitx.com\/sc\/wp-content\/uploads\/2020\/09\/Logo-Zenitx-SC.svg","contentUrl":"https:\/\/zenitx.com\/sc\/wp-content\/uploads\/2020\/09\/Logo-Zenitx-SC.svg","width":330,"height":139,"caption":"Zenitx Inform\u00e1tica"},"image":{"@id":"https:\/\/zenitx.com\/sc\/#\/schema\/logo\/image\/"}}]}},"_links":{"self":[{"href":"https:\/\/zenitx.com\/sc\/wp-json\/wp\/v2\/pages\/191","targetHints":{"allow":["GET"]}}],"collection":[{"href":"https:\/\/zenitx.com\/sc\/wp-json\/wp\/v2\/pages"}],"about":[{"href":"https:\/\/zenitx.com\/sc\/wp-json\/wp\/v2\/types\/page"}],"author":[{"embeddable":true,"href":"https:\/\/zenitx.com\/sc\/wp-json\/wp\/v2\/users\/1"}],"replies":[{"embeddable":true,"href":"https:\/\/zenitx.com\/sc\/wp-json\/wp\/v2\/comments?post=191"}],"version-history":[{"count":126,"href":"https:\/\/zenitx.com\/sc\/wp-json\/wp\/v2\/pages\/191\/revisions"}],"predecessor-version":[{"id":4327,"href":"https:\/\/zenitx.com\/sc\/wp-json\/wp\/v2\/pages\/191\/revisions\/4327"}],"wp:attachment":[{"href":"https:\/\/zenitx.com\/sc\/wp-json\/wp\/v2\/media?parent=191"}],"curies":[{"name":"wp","href":"https:\/\/api.w.org\/{rel}","templated":true}]}}