{"id":256,"date":"2020-09-22T12:24:37","date_gmt":"2020-09-22T16:24:37","guid":{"rendered":"https:\/\/zenitx.com\/sc\/?page_id=256"},"modified":"2025-06-27T13:22:57","modified_gmt":"2025-06-27T17:22:57","slug":"meet","status":"publish","type":"page","link":"https:\/\/zenitx.com\/sc\/meet\/","title":{"rendered":"Agendar reuni\u00f3n"},"content":{"rendered":"\t\t<div data-elementor-type=\"wp-page\" data-elementor-id=\"256\" class=\"elementor elementor-256\" data-elementor-post-type=\"page\">\n\t\t\t\t\t\t<section data-dce-background-color=\"#969696\" class=\"elementor-section elementor-top-section elementor-element elementor-element-e3085c5 elementor-section-boxed elementor-section-height-default elementor-section-height-default\" data-id=\"e3085c5\" data-element_type=\"section\" data-settings=\"{&quot;background_background&quot;:&quot;gradient&quot;}\">\n\t\t\t\t\t\t<div class=\"elementor-container elementor-column-gap-default\">\n\t\t\t\t\t<div class=\"elementor-column elementor-col-100 elementor-top-column elementor-element elementor-element-3976852\" data-id=\"3976852\" data-element_type=\"column\">\n\t\t\t<div class=\"elementor-widget-wrap elementor-element-populated\">\n\t\t\t\t\t\t<div class=\"elementor-element elementor-element-fca9803 elementor-widget elementor-widget-heading\" data-id=\"fca9803\" data-element_type=\"widget\" data-widget_type=\"heading.default\">\n\t\t\t\t<div class=\"elementor-widget-container\">\n\t\t\t\t\t<h2 class=\"elementor-heading-title elementor-size-default\">Agenda una reuni\u00f3n con nuestros expertos<\/h2>\t\t\t\t<\/div>\n\t\t\t\t<\/div>\n\t\t\t\t\t<\/div>\n\t\t<\/div>\n\t\t\t\t\t<\/div>\n\t\t<\/section>\n\t\t\t\t<section class=\"elementor-section elementor-top-section elementor-element elementor-element-a36096a elementor-section-boxed elementor-section-height-default elementor-section-height-default\" data-id=\"a36096a\" data-element_type=\"section\">\n\t\t\t\t\t\t<div class=\"elementor-container elementor-column-gap-default\">\n\t\t\t\t\t<div class=\"elementor-column elementor-col-100 elementor-top-column elementor-element elementor-element-8790952\" data-id=\"8790952\" data-element_type=\"column\">\n\t\t\t<div class=\"elementor-widget-wrap elementor-element-populated\">\n\t\t\t\t\t\t<div class=\"elementor-element elementor-element-24191df elementor-widget elementor-widget-html\" data-id=\"24191df\" data-element_type=\"widget\" data-widget_type=\"html.default\">\n\t\t\t\t<div class=\"elementor-widget-container\">\n\t\t\t\t\t<!-- Cal inline embed code begins -->\r\n<div style=\"width:100%;height:100%;overflow:scroll\" id=\"my-cal-inline\"><\/div>\r\n<script type=\"text\/javascript\">\r\n  (function (C, A, L) { let p = function (a, ar) { a.q.push(ar); }; let d = C.document; C.Cal = C.Cal || function () { let cal = C.Cal; let ar = arguments; if (!cal.loaded) { cal.ns = {}; cal.q = cal.q || []; d.head.appendChild(d.createElement(\"script\")).src = A; cal.loaded = true; } if (ar[0] === L) { const api = function () { p(api, arguments); }; const namespace = ar[1]; api.q = api.q || []; if(typeof namespace === \"string\"){cal.ns[namespace] = cal.ns[namespace] || api;p(cal.ns[namespace], ar);p(cal, [\"initNamespace\", namespace]);} else p(cal, ar); return;} p(cal, ar); }; })(window, \"https:\/\/app.cal.com\/embed\/embed.js\", \"init\");\r\nCal(\"init\", \"reunion-con-un-experto\", {origin:\"https:\/\/app.cal.com\"});\r\n\r\n  Cal.ns[\"reunion-con-un-experto\"](\"inline\", {\r\n    elementOrSelector:\"#my-cal-inline\",\r\n    config: {\"layout\":\"month_view\"},\r\n    calLink: \"zenitx\/reunion-con-un-experto\",\r\n  });\r\n\r\n  Cal.ns[\"reunion-con-un-experto\"](\"ui\", {\"cssVarsPerTheme\":{\"light\":{\"cal-brand\":\"#292929\"},\"dark\":{\"cal-brand\":\"#fafafa\"}},\"hideEventTypeDetails\":false,\"layout\":\"month_view\"});\r\n  <\/script>\r\n  <!-- Cal inline embed code ends -->\t\t\t\t<\/div>\n\t\t\t\t<\/div>\n\t\t\t\t\t<\/div>\n\t\t<\/div>\n\t\t\t\t\t<\/div>\n\t\t<\/section>\n\t\t\t\t<\/div>\n\t\t","protected":false},"excerpt":{"rendered":"<p>Agenda una reuni\u00f3n con nuestros expertos<\/p>\n","protected":false},"author":1,"featured_media":0,"parent":0,"menu_order":0,"comment_status":"closed","ping_status":"closed","template":"","meta":{"footnotes":""},"class_list":["post-256","page","type-page","status-publish","hentry"],"yoast_head":"<!-- This site is optimized with the Yoast SEO plugin v24.6 - https:\/\/yoast.com\/wordpress\/plugins\/seo\/ -->\n<title>Agendar reuni\u00f3n - Zenitx Inform\u00e1tica<\/title>\n<meta name=\"robots\" content=\"index, follow, max-snippet:-1, max-image-preview:large, max-video-preview:-1\" \/>\n<link rel=\"canonical\" href=\"https:\/\/zenitx.com\/sc\/meet\/\" \/>\n<meta property=\"og:locale\" content=\"es_ES\" \/>\n<meta property=\"og:type\" content=\"article\" \/>\n<meta property=\"og:title\" content=\"Agendar reuni\u00f3n - Zenitx Inform\u00e1tica\" \/>\n<meta property=\"og:description\" content=\"Agenda una reuni\u00f3n con nuestros expertos\" \/>\n<meta property=\"og:url\" content=\"https:\/\/zenitx.com\/sc\/meet\/\" \/>\n<meta property=\"og:site_name\" content=\"Zenitx Inform\u00e1tica\" \/>\n<meta property=\"article:modified_time\" content=\"2025-06-27T17:22:57+00:00\" \/>\n<script type=\"application\/ld+json\" class=\"yoast-schema-graph\">{\"@context\":\"https:\/\/schema.org\",\"@graph\":[{\"@type\":\"WebPage\",\"@id\":\"https:\/\/zenitx.com\/sc\/meet\/\",\"url\":\"https:\/\/zenitx.com\/sc\/meet\/\",\"name\":\"Agendar reuni\u00f3n - Zenitx Inform\u00e1tica\",\"isPartOf\":{\"@id\":\"https:\/\/zenitx.com\/sc\/#website\"},\"datePublished\":\"2020-09-22T16:24:37+00:00\",\"dateModified\":\"2025-06-27T17:22:57+00:00\",\"breadcrumb\":{\"@id\":\"https:\/\/zenitx.com\/sc\/meet\/#breadcrumb\"},\"inLanguage\":\"es\",\"potentialAction\":[{\"@type\":\"ReadAction\",\"target\":[\"https:\/\/zenitx.com\/sc\/meet\/\"]}]},{\"@type\":\"BreadcrumbList\",\"@id\":\"https:\/\/zenitx.com\/sc\/meet\/#breadcrumb\",\"itemListElement\":[{\"@type\":\"ListItem\",\"position\":1,\"name\":\"Portada\",\"item\":\"https:\/\/zenitx.com\/sc\/\"},{\"@type\":\"ListItem\",\"position\":2,\"name\":\"Agendar reuni\u00f3n\"}]},{\"@type\":\"WebSite\",\"@id\":\"https:\/\/zenitx.com\/sc\/#website\",\"url\":\"https:\/\/zenitx.com\/sc\/\",\"name\":\"Zenitx Inform\u00e1tica\",\"description\":\"Servicio al Cliente\",\"publisher\":{\"@id\":\"https:\/\/zenitx.com\/sc\/#organization\"},\"potentialAction\":[{\"@type\":\"SearchAction\",\"target\":{\"@type\":\"EntryPoint\",\"urlTemplate\":\"https:\/\/zenitx.com\/sc\/?s={search_term_string}\"},\"query-input\":{\"@type\":\"PropertyValueSpecification\",\"valueRequired\":true,\"valueName\":\"search_term_string\"}}],\"inLanguage\":\"es\"},{\"@type\":\"Organization\",\"@id\":\"https:\/\/zenitx.com\/sc\/#organization\",\"name\":\"Zenitx Inform\u00e1tica\",\"url\":\"https:\/\/zenitx.com\/sc\/\",\"logo\":{\"@type\":\"ImageObject\",\"inLanguage\":\"es\",\"@id\":\"https:\/\/zenitx.com\/sc\/#\/schema\/logo\/image\/\",\"url\":\"https:\/\/zenitx.com\/sc\/wp-content\/uploads\/2020\/09\/Logo-Zenitx-SC.svg\",\"contentUrl\":\"https:\/\/zenitx.com\/sc\/wp-content\/uploads\/2020\/09\/Logo-Zenitx-SC.svg\",\"width\":330,\"height\":139,\"caption\":\"Zenitx Inform\u00e1tica\"},\"image\":{\"@id\":\"https:\/\/zenitx.com\/sc\/#\/schema\/logo\/image\/\"}}]}<\/script>\n<!-- \/ Yoast SEO plugin. -->","yoast_head_json":{"title":"Agendar reuni\u00f3n - Zenitx Inform\u00e1tica","robots":{"index":"index","follow":"follow","max-snippet":"max-snippet:-1","max-image-preview":"max-image-preview:large","max-video-preview":"max-video-preview:-1"},"canonical":"https:\/\/zenitx.com\/sc\/meet\/","og_locale":"es_ES","og_type":"article","og_title":"Agendar reuni\u00f3n - Zenitx Inform\u00e1tica","og_description":"Agenda una reuni\u00f3n con nuestros expertos","og_url":"https:\/\/zenitx.com\/sc\/meet\/","og_site_name":"Zenitx Inform\u00e1tica","article_modified_time":"2025-06-27T17:22:57+00:00","schema":{"@context":"https:\/\/schema.org","@graph":[{"@type":"WebPage","@id":"https:\/\/zenitx.com\/sc\/meet\/","url":"https:\/\/zenitx.com\/sc\/meet\/","name":"Agendar reuni\u00f3n - Zenitx Inform\u00e1tica","isPartOf":{"@id":"https:\/\/zenitx.com\/sc\/#website"},"datePublished":"2020-09-22T16:24:37+00:00","dateModified":"2025-06-27T17:22:57+00:00","breadcrumb":{"@id":"https:\/\/zenitx.com\/sc\/meet\/#breadcrumb"},"inLanguage":"es","potentialAction":[{"@type":"ReadAction","target":["https:\/\/zenitx.com\/sc\/meet\/"]}]},{"@type":"BreadcrumbList","@id":"https:\/\/zenitx.com\/sc\/meet\/#breadcrumb","itemListElement":[{"@type":"ListItem","position":1,"name":"Portada","item":"https:\/\/zenitx.com\/sc\/"},{"@type":"ListItem","position":2,"name":"Agendar reuni\u00f3n"}]},{"@type":"WebSite","@id":"https:\/\/zenitx.com\/sc\/#website","url":"https:\/\/zenitx.com\/sc\/","name":"Zenitx Inform\u00e1tica","description":"Servicio al Cliente","publisher":{"@id":"https:\/\/zenitx.com\/sc\/#organization"},"potentialAction":[{"@type":"SearchAction","target":{"@type":"EntryPoint","urlTemplate":"https:\/\/zenitx.com\/sc\/?s={search_term_string}"},"query-input":{"@type":"PropertyValueSpecification","valueRequired":true,"valueName":"search_term_string"}}],"inLanguage":"es"},{"@type":"Organization","@id":"https:\/\/zenitx.com\/sc\/#organization","name":"Zenitx Inform\u00e1tica","url":"https:\/\/zenitx.com\/sc\/","logo":{"@type":"ImageObject","inLanguage":"es","@id":"https:\/\/zenitx.com\/sc\/#\/schema\/logo\/image\/","url":"https:\/\/zenitx.com\/sc\/wp-content\/uploads\/2020\/09\/Logo-Zenitx-SC.svg","contentUrl":"https:\/\/zenitx.com\/sc\/wp-content\/uploads\/2020\/09\/Logo-Zenitx-SC.svg","width":330,"height":139,"caption":"Zenitx Inform\u00e1tica"},"image":{"@id":"https:\/\/zenitx.com\/sc\/#\/schema\/logo\/image\/"}}]}},"_links":{"self":[{"href":"https:\/\/zenitx.com\/sc\/wp-json\/wp\/v2\/pages\/256","targetHints":{"allow":["GET"]}}],"collection":[{"href":"https:\/\/zenitx.com\/sc\/wp-json\/wp\/v2\/pages"}],"about":[{"href":"https:\/\/zenitx.com\/sc\/wp-json\/wp\/v2\/types\/page"}],"author":[{"embeddable":true,"href":"https:\/\/zenitx.com\/sc\/wp-json\/wp\/v2\/users\/1"}],"replies":[{"embeddable":true,"href":"https:\/\/zenitx.com\/sc\/wp-json\/wp\/v2\/comments?post=256"}],"version-history":[{"count":26,"href":"https:\/\/zenitx.com\/sc\/wp-json\/wp\/v2\/pages\/256\/revisions"}],"predecessor-version":[{"id":4368,"href":"https:\/\/zenitx.com\/sc\/wp-json\/wp\/v2\/pages\/256\/revisions\/4368"}],"wp:attachment":[{"href":"https:\/\/zenitx.com\/sc\/wp-json\/wp\/v2\/media?parent=256"}],"curies":[{"name":"wp","href":"https:\/\/api.w.org\/{rel}","templated":true}]}}